{"id":5,"date":"2018-02-15T13:34:40","date_gmt":"2018-02-15T12:34:40","guid":{"rendered":"http:\/\/jroessler.de\/jroessler\/?page_id=5"},"modified":"2022-04-21T09:45:56","modified_gmt":"2022-04-21T07:45:56","slug":"startseite","status":"publish","type":"page","link":"https:\/\/jroessler.de\/jroessler\/","title":{"rendered":"Startseite"},"content":{"rendered":"<p>[et_pb_section fb_built=&#8220;1&#8243; _builder_version=&#8220;4.9.3&#8243; use_background_color_gradient=&#8220;on&#8220; background_color_gradient_start=&#8220;#ffffff&#8220; background_color_gradient_end=&#8220;rgba(255,255,255,0.7)&#8220; background_color_gradient_direction=&#8220;280deg&#8220; background_color_gradient_overlays_image=&#8220;on&#8220; background_image=&#8220;https:\/\/jroessler.de\/jroessler\/wp-content\/uploads\/2020\/09\/pexels-leah-kelley-952594-scaled.jpg&#8220; background_video_mp4=&#8220;https:\/\/jroessler.de\/jroessler\/wp-content\/uploads\/2022\/04\/708372915.mp4&#8243; min_height=&#8220;100vh&#8220; custom_margin=&#8220;||||false|false&#8220; custom_padding=&#8220;50px||||false|false&#8220; hover_enabled=&#8220;0&#8243; custom_css_before=&#8220;content:%22%22;||    display: block;||    position: absolute;||    top: 0;||    left: 0;||    width: 100%;||    height: 100%;||    background-color: rgba(255,255,255,0.6);||    z-index: 9;&#8220; sticky_enabled=&#8220;0&#8243;][et_pb_row column_structure=&#8220;3_5,1_5,1_5&#8243; use_custom_gutter=&#8220;on&#8220; make_equal=&#8220;on&#8220; _builder_version=&#8220;4.9.3&#8243; module_alignment=&#8220;center&#8220; custom_margin=&#8220;||||false|false&#8220; custom_padding=&#8220;||||false|false&#8220; hover_enabled=&#8220;0&#8243; custom_css_main_element=&#8220;z-index:10;&#8220; sticky_enabled=&#8220;0&#8243;][et_pb_column type=&#8220;3_5&#8243; _builder_version=&#8220;4.0.9&#8243;][et_pb_text _builder_version=&#8220;4.0.9&#8243; text_font_size=&#8220;26px&#8220; text_line_height=&#8220;1.1em&#8220; custom_margin=&#8220;||0px|||&#8220; animation_style=&#8220;fade&#8220; animation_delay=&#8220;500ms&#8220;]<\/p>\n<p>\u00a0Josch R\u00f6\u00dfler<\/p>\n<p>[\/et_pb_text][et_pb_text _builder_version=&#8220;4.0.9&#8243; header_font=&#8220;|700|||||||&#8220; header_font_size=&#8220;5em&#8220; header_line_height=&#8220;1.1em&#8220; custom_margin=&#8220;||-3px|||&#8220; animation_style=&#8220;fade&#8220;]<\/p>\n<h1>creative designer &amp; developer.<\/h1>\n<p>[\/et_pb_text][et_pb_divider color=&#8220;#ffcc00&#8243; divider_weight=&#8220;20px&#8220; _builder_version=&#8220;4.0.9&#8243; width=&#8220;340px&#8220; custom_margin=&#8220;||||false|false&#8220; custom_padding=&#8220;||||false|false&#8220; animation_style=&#8220;zoom&#8220; animation_delay=&#8220;2000ms&#8220; custom_css_main_element=&#8220;position:relative;||top:-122px;||z-index:-10;&#8220;][\/et_pb_divider][et_pb_text _builder_version=&#8220;4.0.9&#8243; animation_style=&#8220;fade&#8220; animation_delay=&#8220;1000ms&#8220;]<\/p>\n<p>Mein Leistungsspektrum umfasst die Programmierung und Gestaltung individueller Software f\u00fcr jeden Einsatzbereich. Verwaltungssoftware, Datenbanksysteme, Organisationstools oder Zeit-Management Programme. Durch die M\u00f6glichkeit der webbasierten Programmierung funktionieren meine Systeme ohne Installation an einzelnen Endger\u00e4ten und die Software ist unabh\u00e4ngig von einer Plattform, von \u00fcberall und von unterschiedlichen Endger\u00e4ten nutzbar. Die Programme sind responsiv und benutzerfreundlich gestaltet, um die Arbeit auf jedem Format zu erm\u00f6glichen. <strong><\/strong><\/p>\n<p><strong>Deine speziell angepasste Software f\u00fcr jeden Einsatzbereicht.<br \/> <\/strong><strong>Responsiv, lizenzfrei, datenbankorientiert und individuell angepasst.<\/strong><\/p>\n<p>[\/et_pb_text][et_pb_button button_url=&#8220;mailto:kontakt@jroessler.de&#8220; button_text=&#8220;READY&#8220; _builder_version=&#8220;4.0.9&#8243; animation_style=&#8220;slide&#8220; animation_direction=&#8220;bottom&#8220; animation_delay=&#8220;1000ms&#8220;][\/et_pb_button][\/et_pb_column][et_pb_column type=&#8220;1_5&#8243; _builder_version=&#8220;4.0.9&#8243; custom_padding=&#8220;33%||||false|false&#8220;][et_pb_image src=&#8220;https:\/\/jroessler.de\/jroessler\/wp-content\/uploads\/2021\/01\/pfeil.png&#8220; title_text=&#8220;pfeil&#8220; align=&#8220;right&#8220; disabled_on=&#8220;on|off|off&#8220; _builder_version=&#8220;4.9.3&#8243; width=&#8220;40%&#8220; module_alignment=&#8220;right&#8220; custom_margin=&#8220;0px||30px||false|false&#8220; animation_style=&#8220;slide&#8220; animation_direction=&#8220;left&#8220; animation_delay=&#8220;2200ms&#8220; custom_css_main_element=&#8220;position:relative;||left:60px;&#8220;][\/et_pb_image][et_pb_text _builder_version=&#8220;4.0.9&#8243; animation_style=&#8220;slide&#8220; animation_direction=&#8220;right&#8220; animation_delay=&#8220;2000ms&#8220;]<\/p>\n<p style=\"text-align: right;\"><a href=\"https:\/\/www.instagram.com\/jroessler_\/\">instagram<\/a> \/ <a href=\"https:\/\/www.youtube.com\/channel\/UCn47F5pgIU2BHI1_Fdq1zBw\">youtube<br \/> <\/a><a href=\"mailto:kontakt@jroessler.de\">kontakt@jroessler.de<\/a> \/ <a href=\"tel:+4917655538529\">017655538529<\/a><\/p>\n<p style=\"text-align: right;\"><a href=\"impressum\">impressum<\/a> \/ <a href=\"datenschutz\">datenschutz<\/a><\/p>\n<p>[\/et_pb_text][\/et_pb_column][et_pb_column type=&#8220;1_5&#8243; _builder_version=&#8220;4.0.9&#8243; custom_padding=&#8220;30%||||false|false&#8220;][et_pb_image src=&#8220;https:\/\/jroessler.de\/jroessler\/wp-content\/uploads\/2019\/05\/yellow2.png&#8220; title_text=&#8220;yellow2&#8243; _builder_version=&#8220;4.9.3&#8243; animation_style=&#8220;slide&#8220; animation_direction=&#8220;right&#8220; animation_delay=&#8220;2000ms&#8220; border_radii=&#8220;on|1000px|1000px|1000px|1000px&#8220;][\/et_pb_image][\/et_pb_column][\/et_pb_row][\/et_pb_section]<\/p>\n","protected":false},"excerpt":{"rendered":"<p>[et_pb_section fb_built=&#8220;1&#8243; _builder_version=&#8220;4.9.3&#8243; use_background_color_gradient=&#8220;on&#8220; background_color_gradient_start=&#8220;#ffffff&#8220; background_color_gradient_end=&#8220;rgba(255,255,255,0.7)&#8220; background_color_gradient_direction=&#8220;280deg&#8220; background_color_gradient_overlays_image=&#8220;on&#8220; background_image=&#8220;https:\/\/jroessler.de\/jroessler\/wp-content\/uploads\/2020\/09\/pexels-leah-kelley-952594-scaled.jpg&#8220; background_video_mp4=&#8220;https:\/\/jroessler.de\/jroessler\/wp-content\/uploads\/2022\/04\/708372915.mp4&#8243; min_height=&#8220;100vh&#8220; custom_margin=&#8220;||||false|false&#8220; custom_padding=&#8220;50px||||false|false&#8220; hover_enabled=&#8220;0&#8243; custom_css_before=&#8220;content:%22%22;|| display: block;|| position: absolute;|| top: 0;|| left: 0;|| width: 100%;|| height: 100%;|| background-color: rgba(255,255,255,0.6);|| z-index: 9;&#8220; sticky_enabled=&#8220;0&#8243;][et_pb_row column_structure=&#8220;3_5,1_5,1_5&#8243; use_custom_gutter=&#8220;on&#8220; make_equal=&#8220;on&#8220; _builder_version=&#8220;4.9.3&#8243; module_alignment=&#8220;center&#8220; custom_margin=&#8220;||||false|false&#8220; custom_padding=&#8220;||||false|false&#8220; hover_enabled=&#8220;0&#8243; custom_css_main_element=&#8220;z-index:10;&#8220; sticky_enabled=&#8220;0&#8243;][et_pb_column type=&#8220;3_5&#8243; _builder_version=&#8220;4.0.9&#8243;][et_pb_text _builder_version=&#8220;4.0.9&#8243; text_font_size=&#8220;26px&#8220; text_line_height=&#8220;1.1em&#8220; custom_margin=&#8220;||0px|||&#8220; animation_style=&#8220;fade&#8220; animation_delay=&#8220;500ms&#8220;] \u00a0Josch R\u00f6\u00dfler [\/et_pb_text][et_pb_text _builder_version=&#8220;4.0.9&#8243; header_font=&#8220;|700|||||||&#8220; [&hellip;]<\/p>\n","protected":false},"author":1,"featured_media":0,"parent":0,"menu_order":0,"comment_status":"closed","ping_status":"closed","template":"","meta":{"_et_pb_use_builder":"on","_et_pb_old_content":"","_et_gb_content_width":""},"_links":{"self":[{"href":"https:\/\/jroessler.de\/jroessler\/wp-json\/wp\/v2\/pages\/5"}],"collection":[{"href":"https:\/\/jroessler.de\/jroessler\/wp-json\/wp\/v2\/pages"}],"about":[{"href":"https:\/\/jroessler.de\/jroessler\/wp-json\/wp\/v2\/types\/page"}],"author":[{"embeddable":true,"href":"https:\/\/jroessler.de\/jroessler\/wp-json\/wp\/v2\/users\/1"}],"replies":[{"embeddable":true,"href":"https:\/\/jroessler.de\/jroessler\/wp-json\/wp\/v2\/comments?post=5"}],"version-history":[{"count":171,"href":"https:\/\/jroessler.de\/jroessler\/wp-json\/wp\/v2\/pages\/5\/revisions"}],"predecessor-version":[{"id":1992,"href":"https:\/\/jroessler.de\/jroessler\/wp-json\/wp\/v2\/pages\/5\/revisions\/1992"}],"wp:attachment":[{"href":"https:\/\/jroessler.de\/jroessler\/wp-json\/wp\/v2\/media?parent=5"}],"curies":[{"name":"wp","href":"https:\/\/api.w.org\/{rel}","templated":true}]}}